{"id":34,"date":"2025-08-25T19:51:09","date_gmt":"2025-08-25T17:51:09","guid":{"rendered":"https:\/\/aar.asta-dortmund.de\/home\/"},"modified":"2025-12-14T18:09:18","modified_gmt":"2025-12-14T17:09:18","slug":"home","status":"publish","type":"page","link":"https:\/\/aar.asta-dortmund.de\/en\/","title":{"rendered":"Home"},"content":{"rendered":"<div class=\"wp-block-cover aligncenter is-light has-custom-content-position is-position-top-center wp-duotone-purple-green\"><img loading=\"lazy\" decoding=\"async\" width=\"2560\" height=\"1707\" class=\"wp-block-cover__image-background wp-image-22 size-full\" alt=\"\" src=\"https:\/\/aar.asta-dortmund.de\/wp-content\/uploads\/2025\/08\/DSC3842_bearbeitet-scaled-1.jpg\" data-object-fit=\"cover\" srcset=\"https:\/\/aar.asta-dortmund.de\/wp-content\/uploads\/2025\/08\/DSC3842_bearbeitet-scaled-1.jpg 2560w, https:\/\/aar.asta-dortmund.de\/wp-content\/uploads\/2025\/08\/DSC3842_bearbeitet-scaled-1-300x200.jpg 300w, https:\/\/aar.asta-dortmund.de\/wp-content\/uploads\/2025\/08\/DSC3842_bearbeitet-scaled-1-1024x683.jpg 1024w, https:\/\/aar.asta-dortmund.de\/wp-content\/uploads\/2025\/08\/DSC3842_bearbeitet-scaled-1-768x512.jpg 768w, https:\/\/aar.asta-dortmund.de\/wp-content\/uploads\/2025\/08\/DSC3842_bearbeitet-scaled-1-1536x1024.jpg 1536w, https:\/\/aar.asta-dortmund.de\/wp-content\/uploads\/2025\/08\/DSC3842_bearbeitet-scaled-1-2048x1366.jpg 2048w\" sizes=\"auto, (max-width: 2560px) 100vw, 2560px\" \/><span aria-hidden=\"true\" class=\"wp-block-cover__background has-background-dim-100 has-background-dim\" style=\"background-color:#6ba539\"><\/span><div class=\"wp-block-cover__inner-container is-layout-constrained wp-block-cover-is-layout-constrained\">\n<p class=\"has-text-align-center has-palette-color-8-color has-text-color has-link-color has-large-font-size wp-elements-c5fc1be378b62c74898112f2ca2bb853\"><strong>Willkommen beim Autonomen Ausl\u00e4nder*innenreferat (AAR) der TU Dortmund.<\/strong><\/p>\n\n\n\n<div class=\"wp-block-group is-layout-constrained wp-block-group-is-layout-constrained\">\n<div class=\"wp-block-group is-layout-constrained wp-block-group-is-layout-constrained\">\n<p class=\"has-text-align-center has-palette-color-8-color has-text-color has-link-color has-large-font-size wp-elements-9c4d3ee9f55b311e3bad87c17bb2cfb3\"><br>Wir sind eine studentische Vertretung von und f\u00fcr internationale Studierende \ud83c\udf0d und setzen uns f\u00fcr eure Interessen innerhalb der Universit\u00e4t ein. Unser Ziel ist es, euch den Studienalltag zu erleichtern, eure Perspektiven sichtbar zu machen und euch bei Fragen, Herausforderungen oder Unsicherheiten rund um Studium und Alltag \ud83d\udcd8 zu unterst\u00fctzen. <\/p>\n\n\n\n<p class=\"has-text-align-center has-palette-color-8-color has-text-color has-link-color has-large-font-size wp-elements-8fb260cebc1535412781677ed095d36b\">Dabei verstehen wir uns nicht nur als Beratungsstelle, sondern auch als Ort der Begegnung und des Austauschs. Wir organisieren Veranstaltungen, Informationsangebote und gemeinschaftliche Aktivit\u00e4ten, die internationale Studierende miteinander vernetzen und das Studierendenleben an der TU Dortmund bereichern.<\/p>\n\n\n\n<p class=\"has-text-align-center has-palette-color-8-color has-text-color has-link-color has-large-font-size wp-elements-f3c1990b75f49d8e54a74c09e93171be\">Egal ob ihr neu an der Universit\u00e4t seid, Unterst\u00fctzung braucht oder euch aktiv einbringen m\u00f6chtet, das AAR ist f\u00fcr euch da.<\/p>\n<\/div>\n<\/div>\n<\/div><\/div>\n\n\n\n<p><\/p>","protected":false},"excerpt":{"rendered":"","protected":false},"author":1,"featured_media":0,"parent":0,"menu_order":0,"comment_status":"closed","ping_status":"closed","template":"frontpage.php","meta":{"footnotes":""},"class_list":["post-34","page","type-page","status-publish","hentry"],"blocksy_meta":[],"_links":{"self":[{"href":"https:\/\/aar.asta-dortmund.de\/en\/wp-json\/wp\/v2\/pages\/34","targetHints":{"allow":["GET"]}}],"collection":[{"href":"https:\/\/aar.asta-dortmund.de\/en\/wp-json\/wp\/v2\/pages"}],"about":[{"href":"https:\/\/aar.asta-dortmund.de\/en\/wp-json\/wp\/v2\/types\/page"}],"author":[{"embeddable":true,"href":"https:\/\/aar.asta-dortmund.de\/en\/wp-json\/wp\/v2\/users\/1"}],"replies":[{"embeddable":true,"href":"https:\/\/aar.asta-dortmund.de\/en\/wp-json\/wp\/v2\/comments?post=34"}],"version-history":[{"count":3,"href":"https:\/\/aar.asta-dortmund.de\/en\/wp-json\/wp\/v2\/pages\/34\/revisions"}],"predecessor-version":[{"id":95,"href":"https:\/\/aar.asta-dortmund.de\/en\/wp-json\/wp\/v2\/pages\/34\/revisions\/95"}],"wp:attachment":[{"href":"https:\/\/aar.asta-dortmund.de\/en\/wp-json\/wp\/v2\/media?parent=34"}],"curies":[{"name":"wp","href":"https:\/\/api.w.org\/{rel}","templated":true}]}}