{"id":62,"date":"2025-11-26T21:35:57","date_gmt":"2025-11-26T20:35:57","guid":{"rendered":"https:\/\/aar.asta-dortmund.de\/?page_id=62"},"modified":"2025-11-26T22:11:12","modified_gmt":"2025-11-26T21:11:12","slug":"kontakt","status":"publish","type":"page","link":"https:\/\/aar.asta-dortmund.de\/en\/kontakt\/","title":{"rendered":"Kontakt"},"content":{"rendered":"<div class=\"wp-block-group is-layout-constrained wp-block-group-is-layout-constrained\">\n<div class=\"wp-block-group has-white-background-color has-background is-layout-constrained wp-block-group-is-layout-constrained\">\n<p class=\"has-white-background-color has-background translation-block\">Du hast Fragen, Ideen oder brauchst Unterst\u00fctzung?<br>Dann melde dich gerne bei uns \u2013 wir freuen uns \u00fcber jede Nachricht! Egal ob Anregungen, Feedback, Vorschl\u00e4ge f\u00fcr Veranstaltungen oder einfach nur Interesse am AAR \u2013 wir sind offen f\u00fcr alles und antworten dir so schnell wie m\u00f6glich. Wir sind f\u00fcr dich da \u2013 unkompliziert, solidarisch und auf Augenh\u00f6he. \ud83d\udc9a<\/p>\n\n\n\n<p class=\"has-white-background-color has-background\">\ud83d\udce7\u202fE-Mail: <strong><a>aar@asta-dortmund.de<\/a><\/strong><br>\ud83d\udcf8\u202fInstagram: <a>@a<\/a>artudortmund<\/p>\n<\/div>\n<\/div>\n\n\n\n<p><\/p>","protected":false},"excerpt":{"rendered":"<p>Du hast Fragen, Ideen oder brauchst Unterst\u00fctzung?Dann melde dich gerne bei uns \u2013 wir freuen uns \u00fcber jede Nachricht! Egal ob Anregungen, Feedback, Vorschl\u00e4ge f\u00fcr Veranstaltungen oder einfach nur Interesse am AAR \u2013 wir sind offen f\u00fcr alles und antworten dir so schnell wie m\u00f6glich. Wir sind f\u00fcr dich da \u2013 unkompliziert, solidarisch und auf [&hellip;]<\/p>\n","protected":false},"author":2,"featured_media":0,"parent":0,"menu_order":0,"comment_status":"closed","ping_status":"closed","template":"","meta":{"footnotes":""},"class_list":["post-62","page","type-page","status-publish","hentry"],"blocksy_meta":[],"_links":{"self":[{"href":"https:\/\/aar.asta-dortmund.de\/en\/wp-json\/wp\/v2\/pages\/62","targetHints":{"allow":["GET"]}}],"collection":[{"href":"https:\/\/aar.asta-dortmund.de\/en\/wp-json\/wp\/v2\/pages"}],"about":[{"href":"https:\/\/aar.asta-dortmund.de\/en\/wp-json\/wp\/v2\/types\/page"}],"author":[{"embeddable":true,"href":"https:\/\/aar.asta-dortmund.de\/en\/wp-json\/wp\/v2\/users\/2"}],"replies":[{"embeddable":true,"href":"https:\/\/aar.asta-dortmund.de\/en\/wp-json\/wp\/v2\/comments?post=62"}],"version-history":[{"count":5,"href":"https:\/\/aar.asta-dortmund.de\/en\/wp-json\/wp\/v2\/pages\/62\/revisions"}],"predecessor-version":[{"id":78,"href":"https:\/\/aar.asta-dortmund.de\/en\/wp-json\/wp\/v2\/pages\/62\/revisions\/78"}],"wp:attachment":[{"href":"https:\/\/aar.asta-dortmund.de\/en\/wp-json\/wp\/v2\/media?parent=62"}],"curies":[{"name":"wp","href":"https:\/\/api.w.org\/{rel}","templated":true}]}}